{"id":2334,"date":"2024-08-25T20:53:55","date_gmt":"2024-08-25T18:53:55","guid":{"rendered":"http:\/\/wordpress2450156.home.pl\/autoinstalator\/wordpresswoocommerce\/produkt\/auto-pary-mlodej-a%d1%83%d1%82%d0%be-%d0%bc%d0%be%d0%bb%d0%be%d0%b4%d1%8f%d1%82\/"},"modified":"2025-11-20T18:22:21","modified_gmt":"2025-11-20T17:22:21","slug":"auto-pary-mlodej-a%d1%83%d1%82%d0%be-%d0%bc%d0%be%d0%bb%d0%be%d0%b4%d1%8f%d1%82","status":"publish","type":"product","link":"https:\/\/www.lyststudio.pl\/sklep\/produkt\/auto-pary-mlodej-a%d1%83%d1%82%d0%be-%d0%bc%d0%be%d0%bb%d0%be%d0%b4%d1%8f%d1%82\/","title":{"rendered":"Auto Pary M\u0142odej \/  A\u0443\u0442\u043e \u041c\u043e\u043b\u043e\u0434\u044f\u0442"},"content":{"rendered":"<p>Para M\u0142oda \/ M\u043e\u043b\u043e\u0434\u044f\u0442\u0430 &#8211; kartka okoliczno\u015bciowa na \u015blub z \u0142emkowskim motywem.<\/p>\n<p>Otwierana kartka, pusta w \u015brodku, drukowana na wysokiej jako\u015bci papierze, kt\u00f3ry powsta\u0142 w spos\u00f3b przyjazny \u015brodowisku.<\/p>\n<p>Posiada certyfikaty: FSC, Carbon Neutral, Wind Power<\/p>\n<p>Wymiary kartki: 12 cm x 17 cm.<\/p>\n<p>W zestawie ekologiczna koperta.<\/p>\n<p>&nbsp;<\/p>\n<p>Wyprodukowano we Wroc\u0142awiu.<\/p>\n","protected":false},"excerpt":{"rendered":"<p>Para M\u0142oda \/ M\u043e\u043b\u043e\u0434\u044f\u0442\u0430 &#8211; kartka okoliczno\u015bciowa na \u015blub z \u0142emkowskim motywem. Otwierana kartka, pusta w \u015brodku, drukowana na wysokiej jako\u015bci papierze, kt\u00f3ry powsta\u0142 w spos\u00f3b przyjazny \u015brodowisku. Posiada certyfikaty: FSC, Carbon Neutral, Wind Power Wymiary kartki: 12 cm x 17 cm. W zestawie ekologiczna koperta. &nbsp; Wyprodukowano we Wroc\u0142awiu.<\/p>\n","protected":false},"featured_media":2675,"template":"","meta":{"_uag_custom_page_level_css":"","site-sidebar-layout":"default","site-content-layout":"","ast-site-content-layout":"normal-width-container","site-content-style":"boxed","site-sidebar-style":"unboxed","ast-global-header-display":"","ast-banner-title-visibility":"","ast-main-header-display":"","ast-hfb-above-header-display":"","ast-hfb-below-header-display":"","ast-hfb-mobile-header-display":"","site-post-title":"","ast-breadcrumbs-content":"","ast-featured-img":"","footer-sml-layout":"","theme-transparent-header-meta":"default","adv-header-id-meta":"","stick-header-meta":"","header-above-stick-meta":"","header-main-stick-meta":"","header-below-stick-meta":"","astra-migrate-meta-layouts":"set","ast-page-background-enabled":"default","ast-page-background-meta":{"desktop":{"background-color":"var(--ast-global-color-4)","background-image":"","background-repeat":"repeat","background-position":"center center","background-size":"auto","background-attachment":"scroll","background-type":"","background-media":"","overlay-type":"","overlay-color":"","overlay-opacity":"","overlay-gradient":""},"tablet":{"background-color":"","background-image":"","background-repeat":"repeat","background-position":"center center","background-size":"auto","background-attachment":"scroll","background-type":"","background-media":"","overlay-type":"","overlay-color":"","overlay-opacity":"","overlay-gradient":""},"mobile":{"background-color":"","background-image":"","background-repeat":"repeat","background-position":"center center","background-size":"auto","background-attachment":"scroll","background-type":"","background-media":"","overlay-type":"","overlay-color":"","overlay-opacity":"","overlay-gradient":""}},"ast-content-background-meta":{"desktop":{"background-color":"var(--ast-global-color-5)","background-image":"","background-repeat":"repeat","background-position":"center center","background-size":"auto","background-attachment":"scroll","background-type":"","background-media":"","overlay-type":"","overlay-color":"","overlay-opacity":"","overlay-gradient":""},"tablet":{"background-color":"var(--ast-global-color-5)","background-image":"","background-repeat":"repeat","background-position":"center center","background-size":"auto","background-attachment":"scroll","background-type":"","background-media":"","overlay-type":"","overlay-color":"","overlay-opacity":"","overlay-gradient":""},"mobile":{"background-color":"var(--ast-global-color-5)","background-image":"","background-repeat":"repeat","background-position":"center center","background-size":"auto","background-attachment":"scroll","background-type":"","background-media":"","overlay-type":"","overlay-color":"","overlay-opacity":"","overlay-gradient":""}}},"product_brand":[],"product_cat":[47],"product_tag":[],"class_list":{"0":"post-2334","1":"product","2":"type-product","3":"status-publish","4":"has-post-thumbnail","6":"product_cat-slub","7":"desktop-align-left","8":"tablet-align-left","9":"mobile-align-left","11":"first","12":"instock","13":"featured","14":"shipping-taxable","15":"purchasable","16":"product-type-simple"},"yoast_head":"<!-- This site is optimized with the Yoast SEO plugin v27.1.1 - https:\/\/yoast.com\/product\/yoast-seo-wordpress\/ -->\n<title>Auto Pary M\u0142odej \/ A\u0443\u0442\u043e \u041c\u043e\u043b\u043e\u0434\u044f\u0442 - Lyst Studio<\/title>\n<meta name=\"robots\" content=\"index, follow, max-snippet:-1, max-image-preview:large, max-video-preview:-1\" \/>\n<link rel=\"canonical\" href=\"https:\/\/www.lyststudio.pl\/sklep\/produkt\/auto-pary-mlodej-a\u0443\u0442\u043e-\u043c\u043e\u043b\u043e\u0434\u044f\u0442\/\" \/>\n<meta property=\"og:locale\" content=\"pl_PL\" \/>\n<meta property=\"og:type\" content=\"article\" \/>\n<meta property=\"og:title\" content=\"Auto Pary M\u0142odej \/ A\u0443\u0442\u043e \u041c\u043e\u043b\u043e\u0434\u044f\u0442 - Lyst Studio\" \/>\n<meta property=\"og:description\" content=\"Para M\u0142oda \/ M\u043e\u043b\u043e\u0434\u044f\u0442\u0430 &#8211; kartka okoliczno\u015bciowa na \u015blub z \u0142emkowskim motywem. Otwierana kartka, pusta w \u015brodku, drukowana na wysokiej jako\u015bci papierze, kt\u00f3ry powsta\u0142 w spos\u00f3b przyjazny \u015brodowisku. Posiada certyfikaty: FSC, Carbon Neutral, Wind Power Wymiary kartki: 12 cm x 17 cm. W zestawie ekologiczna koperta. &nbsp; Wyprodukowano we Wroc\u0142awiu.\" \/>\n<meta property=\"og:url\" content=\"https:\/\/www.lyststudio.pl\/sklep\/produkt\/auto-pary-mlodej-a\u0443\u0442\u043e-\u043c\u043e\u043b\u043e\u0434\u044f\u0442\/\" \/>\n<meta property=\"og:site_name\" content=\"Lyst Studio\" \/>\n<meta property=\"article:publisher\" content=\"https:\/\/www.facebook.com\/lyststudio\/\" \/>\n<meta property=\"article:modified_time\" content=\"2025-11-20T17:22:21+00:00\" \/>\n<meta property=\"og:image\" content=\"https:\/\/www.lyststudio.pl\/sklep\/wp-content\/uploads\/2024\/09\/kartka-auto-pary-mlodej.jpg\" \/>\n\t<meta property=\"og:image:width\" content=\"2362\" \/>\n\t<meta property=\"og:image:height\" content=\"1653\" \/>\n\t<meta property=\"og:image:type\" content=\"image\/jpeg\" \/>\n<meta name=\"twitter:card\" content=\"summary_large_image\" \/>\n<meta name=\"twitter:label1\" content=\"Szacowany czas czytania\" \/>\n\t<meta name=\"twitter:data1\" content=\"1 minuta\" \/>\n<script type=\"application\/ld+json\" class=\"yoast-schema-graph\">{\"@context\":\"https:\/\/schema.org\",\"@graph\":[{\"@type\":\"WebPage\",\"@id\":\"https:\/\/www.lyststudio.pl\/sklep\/produkt\/auto-pary-mlodej-a%d1%83%d1%82%d0%be-%d0%bc%d0%be%d0%bb%d0%be%d0%b4%d1%8f%d1%82\/\",\"url\":\"https:\/\/www.lyststudio.pl\/sklep\/produkt\/auto-pary-mlodej-a%d1%83%d1%82%d0%be-%d0%bc%d0%be%d0%bb%d0%be%d0%b4%d1%8f%d1%82\/\",\"name\":\"Auto Pary M\u0142odej \/ A\u0443\u0442\u043e \u041c\u043e\u043b\u043e\u0434\u044f\u0442 - Lyst Studio\",\"isPartOf\":{\"@id\":\"https:\/\/www.lyststudio.pl\/sklep\/#website\"},\"primaryImageOfPage\":{\"@id\":\"https:\/\/www.lyststudio.pl\/sklep\/produkt\/auto-pary-mlodej-a%d1%83%d1%82%d0%be-%d0%bc%d0%be%d0%bb%d0%be%d0%b4%d1%8f%d1%82\/#primaryimage\"},\"image\":{\"@id\":\"https:\/\/www.lyststudio.pl\/sklep\/produkt\/auto-pary-mlodej-a%d1%83%d1%82%d0%be-%d0%bc%d0%be%d0%bb%d0%be%d0%b4%d1%8f%d1%82\/#primaryimage\"},\"thumbnailUrl\":\"https:\/\/www.lyststudio.pl\/sklep\/wp-content\/uploads\/2024\/09\/kartka-auto-pary-mlodej.jpg\",\"datePublished\":\"2024-08-25T18:53:55+00:00\",\"dateModified\":\"2025-11-20T17:22:21+00:00\",\"breadcrumb\":{\"@id\":\"https:\/\/www.lyststudio.pl\/sklep\/produkt\/auto-pary-mlodej-a%d1%83%d1%82%d0%be-%d0%bc%d0%be%d0%bb%d0%be%d0%b4%d1%8f%d1%82\/#breadcrumb\"},\"inLanguage\":\"pl-PL\",\"potentialAction\":[{\"@type\":\"ReadAction\",\"target\":[\"https:\/\/www.lyststudio.pl\/sklep\/produkt\/auto-pary-mlodej-a%d1%83%d1%82%d0%be-%d0%bc%d0%be%d0%bb%d0%be%d0%b4%d1%8f%d1%82\/\"]}]},{\"@type\":\"ImageObject\",\"inLanguage\":\"pl-PL\",\"@id\":\"https:\/\/www.lyststudio.pl\/sklep\/produkt\/auto-pary-mlodej-a%d1%83%d1%82%d0%be-%d0%bc%d0%be%d0%bb%d0%be%d0%b4%d1%8f%d1%82\/#primaryimage\",\"url\":\"https:\/\/www.lyststudio.pl\/sklep\/wp-content\/uploads\/2024\/09\/kartka-auto-pary-mlodej.jpg\",\"contentUrl\":\"https:\/\/www.lyststudio.pl\/sklep\/wp-content\/uploads\/2024\/09\/kartka-auto-pary-mlodej.jpg\",\"width\":2362,\"height\":1653,\"caption\":\"Kartka \u015blubna Auto Pary M\u0142odej przedstawiaj\u0105ca auto jad\u0105ce na \u015blub i ci\u0105gn\u0105ce za sob\u0105 d\u017awi\u0119cz\u0105ce puszki.\"},{\"@type\":\"BreadcrumbList\",\"@id\":\"https:\/\/www.lyststudio.pl\/sklep\/produkt\/auto-pary-mlodej-a%d1%83%d1%82%d0%be-%d0%bc%d0%be%d0%bb%d0%be%d0%b4%d1%8f%d1%82\/#breadcrumb\",\"itemListElement\":[{\"@type\":\"ListItem\",\"position\":1,\"name\":\"Strona g\u0142\u00f3wna\",\"item\":\"https:\/\/www.lyststudio.pl\/sklep\/\"},{\"@type\":\"ListItem\",\"position\":2,\"name\":\"Sklep\",\"item\":\"https:\/\/www.lyststudio.pl\/sklep\/produkty\/\"},{\"@type\":\"ListItem\",\"position\":3,\"name\":\"Auto Pary M\u0142odej \/ A\u0443\u0442\u043e \u041c\u043e\u043b\u043e\u0434\u044f\u0442\"}]},{\"@type\":\"WebSite\",\"@id\":\"https:\/\/www.lyststudio.pl\/sklep\/#website\",\"url\":\"https:\/\/www.lyststudio.pl\/sklep\/\",\"name\":\"Lyst Studio\",\"description\":\"\",\"publisher\":{\"@id\":\"https:\/\/www.lyststudio.pl\/sklep\/#organization\"},\"potentialAction\":[{\"@type\":\"SearchAction\",\"target\":{\"@type\":\"EntryPoint\",\"urlTemplate\":\"https:\/\/www.lyststudio.pl\/sklep\/?s={search_term_string}\"},\"query-input\":{\"@type\":\"PropertyValueSpecification\",\"valueRequired\":true,\"valueName\":\"search_term_string\"}}],\"inLanguage\":\"pl-PL\"},{\"@type\":\"Organization\",\"@id\":\"https:\/\/www.lyststudio.pl\/sklep\/#organization\",\"name\":\"Lyst Studio\",\"url\":\"https:\/\/www.lyststudio.pl\/sklep\/\",\"logo\":{\"@type\":\"ImageObject\",\"inLanguage\":\"pl-PL\",\"@id\":\"https:\/\/www.lyststudio.pl\/sklep\/#\/schema\/logo\/image\/\",\"url\":\"https:\/\/www.lyststudio.pl\/sklep\/wp-content\/uploads\/2024\/08\/logo_lyst-e1725795188262.png\",\"contentUrl\":\"https:\/\/www.lyststudio.pl\/sklep\/wp-content\/uploads\/2024\/08\/logo_lyst-e1725795188262.png\",\"width\":1102,\"height\":332,\"caption\":\"Lyst Studio\"},\"image\":{\"@id\":\"https:\/\/www.lyststudio.pl\/sklep\/#\/schema\/logo\/image\/\"},\"sameAs\":[\"https:\/\/www.facebook.com\/lyststudio\/\",\"https:\/\/www.instagram.com\/lyststudio\/\"]}]}<\/script>\n<!-- \/ Yoast SEO plugin. -->","yoast_head_json":{"title":"Auto Pary M\u0142odej \/ A\u0443\u0442\u043e \u041c\u043e\u043b\u043e\u0434\u044f\u0442 - Lyst Studio","robots":{"index":"index","follow":"follow","max-snippet":"max-snippet:-1","max-image-preview":"max-image-preview:large","max-video-preview":"max-video-preview:-1"},"canonical":"https:\/\/www.lyststudio.pl\/sklep\/produkt\/auto-pary-mlodej-a\u0443\u0442\u043e-\u043c\u043e\u043b\u043e\u0434\u044f\u0442\/","og_locale":"pl_PL","og_type":"article","og_title":"Auto Pary M\u0142odej \/ A\u0443\u0442\u043e \u041c\u043e\u043b\u043e\u0434\u044f\u0442 - Lyst Studio","og_description":"Para M\u0142oda \/ M\u043e\u043b\u043e\u0434\u044f\u0442\u0430 &#8211; kartka okoliczno\u015bciowa na \u015blub z \u0142emkowskim motywem. Otwierana kartka, pusta w \u015brodku, drukowana na wysokiej jako\u015bci papierze, kt\u00f3ry powsta\u0142 w spos\u00f3b przyjazny \u015brodowisku. Posiada certyfikaty: FSC, Carbon Neutral, Wind Power Wymiary kartki: 12 cm x 17 cm. W zestawie ekologiczna koperta. &nbsp; Wyprodukowano we Wroc\u0142awiu.","og_url":"https:\/\/www.lyststudio.pl\/sklep\/produkt\/auto-pary-mlodej-a\u0443\u0442\u043e-\u043c\u043e\u043b\u043e\u0434\u044f\u0442\/","og_site_name":"Lyst Studio","article_publisher":"https:\/\/www.facebook.com\/lyststudio\/","article_modified_time":"2025-11-20T17:22:21+00:00","og_image":[{"width":2362,"height":1653,"url":"https:\/\/www.lyststudio.pl\/sklep\/wp-content\/uploads\/2024\/09\/kartka-auto-pary-mlodej.jpg","type":"image\/jpeg"}],"twitter_card":"summary_large_image","twitter_misc":{"Szacowany czas czytania":"1 minuta"},"schema":{"@context":"https:\/\/schema.org","@graph":[{"@type":"WebPage","@id":"https:\/\/www.lyststudio.pl\/sklep\/produkt\/auto-pary-mlodej-a%d1%83%d1%82%d0%be-%d0%bc%d0%be%d0%bb%d0%be%d0%b4%d1%8f%d1%82\/","url":"https:\/\/www.lyststudio.pl\/sklep\/produkt\/auto-pary-mlodej-a%d1%83%d1%82%d0%be-%d0%bc%d0%be%d0%bb%d0%be%d0%b4%d1%8f%d1%82\/","name":"Auto Pary M\u0142odej \/ A\u0443\u0442\u043e \u041c\u043e\u043b\u043e\u0434\u044f\u0442 - Lyst Studio","isPartOf":{"@id":"https:\/\/www.lyststudio.pl\/sklep\/#website"},"primaryImageOfPage":{"@id":"https:\/\/www.lyststudio.pl\/sklep\/produkt\/auto-pary-mlodej-a%d1%83%d1%82%d0%be-%d0%bc%d0%be%d0%bb%d0%be%d0%b4%d1%8f%d1%82\/#primaryimage"},"image":{"@id":"https:\/\/www.lyststudio.pl\/sklep\/produkt\/auto-pary-mlodej-a%d1%83%d1%82%d0%be-%d0%bc%d0%be%d0%bb%d0%be%d0%b4%d1%8f%d1%82\/#primaryimage"},"thumbnailUrl":"https:\/\/www.lyststudio.pl\/sklep\/wp-content\/uploads\/2024\/09\/kartka-auto-pary-mlodej.jpg","datePublished":"2024-08-25T18:53:55+00:00","dateModified":"2025-11-20T17:22:21+00:00","breadcrumb":{"@id":"https:\/\/www.lyststudio.pl\/sklep\/produkt\/auto-pary-mlodej-a%d1%83%d1%82%d0%be-%d0%bc%d0%be%d0%bb%d0%be%d0%b4%d1%8f%d1%82\/#breadcrumb"},"inLanguage":"pl-PL","potentialAction":[{"@type":"ReadAction","target":["https:\/\/www.lyststudio.pl\/sklep\/produkt\/auto-pary-mlodej-a%d1%83%d1%82%d0%be-%d0%bc%d0%be%d0%bb%d0%be%d0%b4%d1%8f%d1%82\/"]}]},{"@type":"ImageObject","inLanguage":"pl-PL","@id":"https:\/\/www.lyststudio.pl\/sklep\/produkt\/auto-pary-mlodej-a%d1%83%d1%82%d0%be-%d0%bc%d0%be%d0%bb%d0%be%d0%b4%d1%8f%d1%82\/#primaryimage","url":"https:\/\/www.lyststudio.pl\/sklep\/wp-content\/uploads\/2024\/09\/kartka-auto-pary-mlodej.jpg","contentUrl":"https:\/\/www.lyststudio.pl\/sklep\/wp-content\/uploads\/2024\/09\/kartka-auto-pary-mlodej.jpg","width":2362,"height":1653,"caption":"Kartka \u015blubna Auto Pary M\u0142odej przedstawiaj\u0105ca auto jad\u0105ce na \u015blub i ci\u0105gn\u0105ce za sob\u0105 d\u017awi\u0119cz\u0105ce puszki."},{"@type":"BreadcrumbList","@id":"https:\/\/www.lyststudio.pl\/sklep\/produkt\/auto-pary-mlodej-a%d1%83%d1%82%d0%be-%d0%bc%d0%be%d0%bb%d0%be%d0%b4%d1%8f%d1%82\/#breadcrumb","itemListElement":[{"@type":"ListItem","position":1,"name":"Strona g\u0142\u00f3wna","item":"https:\/\/www.lyststudio.pl\/sklep\/"},{"@type":"ListItem","position":2,"name":"Sklep","item":"https:\/\/www.lyststudio.pl\/sklep\/produkty\/"},{"@type":"ListItem","position":3,"name":"Auto Pary M\u0142odej \/ A\u0443\u0442\u043e \u041c\u043e\u043b\u043e\u0434\u044f\u0442"}]},{"@type":"WebSite","@id":"https:\/\/www.lyststudio.pl\/sklep\/#website","url":"https:\/\/www.lyststudio.pl\/sklep\/","name":"Lyst Studio","description":"","publisher":{"@id":"https:\/\/www.lyststudio.pl\/sklep\/#organization"},"potentialAction":[{"@type":"SearchAction","target":{"@type":"EntryPoint","urlTemplate":"https:\/\/www.lyststudio.pl\/sklep\/?s={search_term_string}"},"query-input":{"@type":"PropertyValueSpecification","valueRequired":true,"valueName":"search_term_string"}}],"inLanguage":"pl-PL"},{"@type":"Organization","@id":"https:\/\/www.lyststudio.pl\/sklep\/#organization","name":"Lyst Studio","url":"https:\/\/www.lyststudio.pl\/sklep\/","logo":{"@type":"ImageObject","inLanguage":"pl-PL","@id":"https:\/\/www.lyststudio.pl\/sklep\/#\/schema\/logo\/image\/","url":"https:\/\/www.lyststudio.pl\/sklep\/wp-content\/uploads\/2024\/08\/logo_lyst-e1725795188262.png","contentUrl":"https:\/\/www.lyststudio.pl\/sklep\/wp-content\/uploads\/2024\/08\/logo_lyst-e1725795188262.png","width":1102,"height":332,"caption":"Lyst Studio"},"image":{"@id":"https:\/\/www.lyststudio.pl\/sklep\/#\/schema\/logo\/image\/"},"sameAs":["https:\/\/www.facebook.com\/lyststudio\/","https:\/\/www.instagram.com\/lyststudio\/"]}]}},"uagb_featured_image_src":{"full":["https:\/\/www.lyststudio.pl\/sklep\/wp-content\/uploads\/2024\/09\/kartka-auto-pary-mlodej.jpg",2362,1653,false],"thumbnail":["https:\/\/www.lyststudio.pl\/sklep\/wp-content\/uploads\/2024\/09\/kartka-auto-pary-mlodej-150x150.jpg",150,150,true],"medium":["https:\/\/www.lyststudio.pl\/sklep\/wp-content\/uploads\/2024\/09\/kartka-auto-pary-mlodej-300x210.jpg",300,210,true],"medium_large":["https:\/\/www.lyststudio.pl\/sklep\/wp-content\/uploads\/2024\/09\/kartka-auto-pary-mlodej-768x537.jpg",768,537,true],"large":["https:\/\/www.lyststudio.pl\/sklep\/wp-content\/uploads\/2024\/09\/kartka-auto-pary-mlodej-1024x717.jpg",1024,717,true],"1536x1536":["https:\/\/www.lyststudio.pl\/sklep\/wp-content\/uploads\/2024\/09\/kartka-auto-pary-mlodej-1536x1075.jpg",1536,1075,true],"2048x2048":["https:\/\/www.lyststudio.pl\/sklep\/wp-content\/uploads\/2024\/09\/kartka-auto-pary-mlodej-2048x1433.jpg",2048,1433,true],"woocommerce_thumbnail":["https:\/\/www.lyststudio.pl\/sklep\/wp-content\/uploads\/2024\/09\/kartka-auto-pary-mlodej-300x210.jpg",300,210,true],"woocommerce_single":["https:\/\/www.lyststudio.pl\/sklep\/wp-content\/uploads\/2024\/09\/kartka-auto-pary-mlodej-370x259.jpg",370,259,true],"woocommerce_gallery_thumbnail":["https:\/\/www.lyststudio.pl\/sklep\/wp-content\/uploads\/2024\/09\/kartka-auto-pary-mlodej-100x100.jpg",100,100,true]},"uagb_author_info":{"display_name":"skleplyst","author_link":"https:\/\/www.lyststudio.pl\/sklep\/author\/"},"uagb_comment_info":0,"uagb_excerpt":"Para M\u0142oda \/ M\u043e\u043b\u043e\u0434\u044f\u0442\u0430 &#8211; kartka okoliczno\u015bciowa na \u015blub z \u0142emkowskim motywem. Otwierana kartka, pusta w \u015brodku, drukowana na wysokiej jako\u015bci papierze, kt\u00f3ry powsta\u0142 w spos\u00f3b przyjazny \u015brodowisku. Posiada certyfikaty: FSC, Carbon Neutral, Wind Power Wymiary kartki: 12 cm x 17 cm. W zestawie ekologiczna koperta. &nbsp; Wyprodukowano we Wroc\u0142awiu.","_links":{"self":[{"href":"https:\/\/www.lyststudio.pl\/sklep\/wp-json\/wp\/v2\/product\/2334","targetHints":{"allow":["GET"]}}],"collection":[{"href":"https:\/\/www.lyststudio.pl\/sklep\/wp-json\/wp\/v2\/product"}],"about":[{"href":"https:\/\/www.lyststudio.pl\/sklep\/wp-json\/wp\/v2\/types\/product"}],"wp:featuredmedia":[{"embeddable":true,"href":"https:\/\/www.lyststudio.pl\/sklep\/wp-json\/wp\/v2\/media\/2675"}],"wp:attachment":[{"href":"https:\/\/www.lyststudio.pl\/sklep\/wp-json\/wp\/v2\/media?parent=2334"}],"wp:term":[{"taxonomy":"product_brand","embeddable":true,"href":"https:\/\/www.lyststudio.pl\/sklep\/wp-json\/wp\/v2\/product_brand?post=2334"},{"taxonomy":"product_cat","embeddable":true,"href":"https:\/\/www.lyststudio.pl\/sklep\/wp-json\/wp\/v2\/product_cat?post=2334"},{"taxonomy":"product_tag","embeddable":true,"href":"https:\/\/www.lyststudio.pl\/sklep\/wp-json\/wp\/v2\/product_tag?post=2334"}],"curies":[{"name":"wp","href":"https:\/\/api.w.org\/{rel}","templated":true}]}}