{"id":2321,"date":"2024-08-25T20:53:54","date_gmt":"2024-08-25T18:53:54","guid":{"rendered":"http:\/\/wordpress2450156.home.pl\/autoinstalator\/wordpresswoocommerce\/produkt\/zestaw-6-kartek\/"},"modified":"2025-11-23T16:30:18","modified_gmt":"2025-11-23T15:30:18","slug":"zestaw-6-kartek","status":"publish","type":"product","link":"https:\/\/www.lyststudio.pl\/sklep\/produkt\/zestaw-6-kartek\/","title":{"rendered":"Zestaw 6 kartek"},"content":{"rendered":"<p dir=\"auto\">Zestaw 6 dowolnych kartek \u015bwi\u0105tecznych z \u0142emkowskim motywem.<\/p>\n<p dir=\"auto\">Dodaj zestaw do koszyka, z\u0142\u00f3\u017c zam\u00f3wienie, a w uwagach\u00a0do zam\u00f3wienia wpisz nazwy i liczb\u0119 kartek, kt\u00f3re maj\u0105 znale\u017a\u0107 si\u0119 w zestawie. Je\u015bli nie podasz nazw to wy\u015blemy 6 losowo wybranych kartek.<\/p>\n<p dir=\"auto\">Wymiary kartek 12 cm x 17 cm.<\/p>\n<p dir=\"auto\">W zestawie ekologiczna koperta do ka\u017cdej kartki.<\/p>\n<p dir=\"auto\">Wyprodukowano we Wroc\u0142awiu.<\/p>\n","protected":false},"excerpt":{"rendered":"<p>Zestaw 6 dowolnych kartek \u015bwi\u0105tecznych z \u0142emkowskim motywem.<\/p>\n","protected":false},"featured_media":2632,"template":"","meta":{"_uag_custom_page_level_css":"","site-sidebar-layout":"default","site-content-layout":"","ast-site-content-layout":"normal-width-container","site-content-style":"boxed","site-sidebar-style":"unboxed","ast-global-header-display":"","ast-banner-title-visibility":"","ast-main-header-display":"","ast-hfb-above-header-display":"","ast-hfb-below-header-display":"","ast-hfb-mobile-header-display":"","site-post-title":"","ast-breadcrumbs-content":"","ast-featured-img":"","footer-sml-layout":"","theme-transparent-header-meta":"default","adv-header-id-meta":"","stick-header-meta":"","header-above-stick-meta":"","header-main-stick-meta":"","header-below-stick-meta":"","astra-migrate-meta-layouts":"set","ast-page-background-enabled":"default","ast-page-background-meta":{"desktop":{"background-color":"var(--ast-global-color-4)","background-image":"","background-repeat":"repeat","background-position":"center center","background-size":"auto","background-attachment":"scroll","background-type":"","background-media":"","overlay-type":"","overlay-color":"","overlay-opacity":"","overlay-gradient":""},"tablet":{"background-color":"","background-image":"","background-repeat":"repeat","background-position":"center center","background-size":"auto","background-attachment":"scroll","background-type":"","background-media":"","overlay-type":"","overlay-color":"","overlay-opacity":"","overlay-gradient":""},"mobile":{"background-color":"","background-image":"","background-repeat":"repeat","background-position":"center center","background-size":"auto","background-attachment":"scroll","background-type":"","background-media":"","overlay-type":"","overlay-color":"","overlay-opacity":"","overlay-gradient":""}},"ast-content-background-meta":{"desktop":{"background-color":"var(--ast-global-color-5)","background-image":"","background-repeat":"repeat","background-position":"center center","background-size":"auto","background-attachment":"scroll","background-type":"","background-media":"","overlay-type":"","overlay-color":"","overlay-opacity":"","overlay-gradient":""},"tablet":{"background-color":"var(--ast-global-color-5)","background-image":"","background-repeat":"repeat","background-position":"center center","background-size":"auto","background-attachment":"scroll","background-type":"","background-media":"","overlay-type":"","overlay-color":"","overlay-opacity":"","overlay-gradient":""},"mobile":{"background-color":"var(--ast-global-color-5)","background-image":"","background-repeat":"repeat","background-position":"center center","background-size":"auto","background-attachment":"scroll","background-type":"","background-media":"","overlay-type":"","overlay-color":"","overlay-opacity":"","overlay-gradient":""}}},"product_brand":[],"product_cat":[44],"product_tag":[60],"class_list":{"0":"post-2321","1":"product","2":"type-product","3":"status-publish","4":"has-post-thumbnail","6":"product_cat-boze-narodzenie","7":"product_tag-swiateczne-inspiracje","8":"desktop-align-left","9":"tablet-align-left","10":"mobile-align-left","12":"first","13":"instock","14":"shipping-taxable","15":"purchasable","16":"product-type-simple"},"yoast_head":"<!-- This site is optimized with the Yoast SEO plugin v27.1.1 - https:\/\/yoast.com\/product\/yoast-seo-wordpress\/ -->\n<title>Zestaw 6 kartek - Lyst Studio<\/title>\n<meta name=\"robots\" content=\"index, follow, max-snippet:-1, max-image-preview:large, max-video-preview:-1\" \/>\n<link rel=\"canonical\" href=\"https:\/\/www.lyststudio.pl\/sklep\/produkt\/zestaw-6-kartek\/\" \/>\n<meta property=\"og:locale\" content=\"pl_PL\" \/>\n<meta property=\"og:type\" content=\"article\" \/>\n<meta property=\"og:title\" content=\"Zestaw 6 kartek - Lyst Studio\" \/>\n<meta property=\"og:description\" content=\"Zestaw 6 dowolnych kartek \u015bwi\u0105tecznych z \u0142emkowskim motywem.\" \/>\n<meta property=\"og:url\" content=\"https:\/\/www.lyststudio.pl\/sklep\/produkt\/zestaw-6-kartek\/\" \/>\n<meta property=\"og:site_name\" content=\"Lyst Studio\" \/>\n<meta property=\"article:publisher\" content=\"https:\/\/www.facebook.com\/lyststudio\/\" \/>\n<meta property=\"article:modified_time\" content=\"2025-11-23T15:30:18+00:00\" \/>\n<meta property=\"og:image\" content=\"https:\/\/www.lyststudio.pl\/sklep\/wp-content\/uploads\/2024\/08\/zestaw-6-kartek.jpeg\" \/>\n\t<meta property=\"og:image:width\" content=\"2048\" \/>\n\t<meta property=\"og:image:height\" content=\"1280\" \/>\n\t<meta property=\"og:image:type\" content=\"image\/jpeg\" \/>\n<meta name=\"twitter:card\" content=\"summary_large_image\" \/>\n<meta name=\"twitter:label1\" content=\"Szacowany czas czytania\" \/>\n\t<meta name=\"twitter:data1\" content=\"1 minuta\" \/>\n<script type=\"application\/ld+json\" class=\"yoast-schema-graph\">{\"@context\":\"https:\/\/schema.org\",\"@graph\":[{\"@type\":\"WebPage\",\"@id\":\"https:\/\/www.lyststudio.pl\/sklep\/produkt\/zestaw-6-kartek\/\",\"url\":\"https:\/\/www.lyststudio.pl\/sklep\/produkt\/zestaw-6-kartek\/\",\"name\":\"Zestaw 6 kartek - Lyst Studio\",\"isPartOf\":{\"@id\":\"https:\/\/www.lyststudio.pl\/sklep\/#website\"},\"primaryImageOfPage\":{\"@id\":\"https:\/\/www.lyststudio.pl\/sklep\/produkt\/zestaw-6-kartek\/#primaryimage\"},\"image\":{\"@id\":\"https:\/\/www.lyststudio.pl\/sklep\/produkt\/zestaw-6-kartek\/#primaryimage\"},\"thumbnailUrl\":\"https:\/\/www.lyststudio.pl\/sklep\/wp-content\/uploads\/2024\/08\/zestaw-6-kartek.jpeg\",\"datePublished\":\"2024-08-25T18:53:54+00:00\",\"dateModified\":\"2025-11-23T15:30:18+00:00\",\"breadcrumb\":{\"@id\":\"https:\/\/www.lyststudio.pl\/sklep\/produkt\/zestaw-6-kartek\/#breadcrumb\"},\"inLanguage\":\"pl-PL\",\"potentialAction\":[{\"@type\":\"ReadAction\",\"target\":[\"https:\/\/www.lyststudio.pl\/sklep\/produkt\/zestaw-6-kartek\/\"]}]},{\"@type\":\"ImageObject\",\"inLanguage\":\"pl-PL\",\"@id\":\"https:\/\/www.lyststudio.pl\/sklep\/produkt\/zestaw-6-kartek\/#primaryimage\",\"url\":\"https:\/\/www.lyststudio.pl\/sklep\/wp-content\/uploads\/2024\/08\/zestaw-6-kartek.jpeg\",\"contentUrl\":\"https:\/\/www.lyststudio.pl\/sklep\/wp-content\/uploads\/2024\/08\/zestaw-6-kartek.jpeg\",\"width\":2048,\"height\":1280},{\"@type\":\"BreadcrumbList\",\"@id\":\"https:\/\/www.lyststudio.pl\/sklep\/produkt\/zestaw-6-kartek\/#breadcrumb\",\"itemListElement\":[{\"@type\":\"ListItem\",\"position\":1,\"name\":\"Strona g\u0142\u00f3wna\",\"item\":\"https:\/\/www.lyststudio.pl\/sklep\/\"},{\"@type\":\"ListItem\",\"position\":2,\"name\":\"Sklep\",\"item\":\"https:\/\/www.lyststudio.pl\/sklep\/produkty\/\"},{\"@type\":\"ListItem\",\"position\":3,\"name\":\"Zestaw 6 kartek\"}]},{\"@type\":\"WebSite\",\"@id\":\"https:\/\/www.lyststudio.pl\/sklep\/#website\",\"url\":\"https:\/\/www.lyststudio.pl\/sklep\/\",\"name\":\"Lyst Studio\",\"description\":\"\",\"publisher\":{\"@id\":\"https:\/\/www.lyststudio.pl\/sklep\/#organization\"},\"potentialAction\":[{\"@type\":\"SearchAction\",\"target\":{\"@type\":\"EntryPoint\",\"urlTemplate\":\"https:\/\/www.lyststudio.pl\/sklep\/?s={search_term_string}\"},\"query-input\":{\"@type\":\"PropertyValueSpecification\",\"valueRequired\":true,\"valueName\":\"search_term_string\"}}],\"inLanguage\":\"pl-PL\"},{\"@type\":\"Organization\",\"@id\":\"https:\/\/www.lyststudio.pl\/sklep\/#organization\",\"name\":\"Lyst Studio\",\"url\":\"https:\/\/www.lyststudio.pl\/sklep\/\",\"logo\":{\"@type\":\"ImageObject\",\"inLanguage\":\"pl-PL\",\"@id\":\"https:\/\/www.lyststudio.pl\/sklep\/#\/schema\/logo\/image\/\",\"url\":\"https:\/\/www.lyststudio.pl\/sklep\/wp-content\/uploads\/2024\/08\/logo_lyst-e1725795188262.png\",\"contentUrl\":\"https:\/\/www.lyststudio.pl\/sklep\/wp-content\/uploads\/2024\/08\/logo_lyst-e1725795188262.png\",\"width\":1102,\"height\":332,\"caption\":\"Lyst Studio\"},\"image\":{\"@id\":\"https:\/\/www.lyststudio.pl\/sklep\/#\/schema\/logo\/image\/\"},\"sameAs\":[\"https:\/\/www.facebook.com\/lyststudio\/\",\"https:\/\/www.instagram.com\/lyststudio\/\"]}]}<\/script>\n<!-- \/ Yoast SEO plugin. -->","yoast_head_json":{"title":"Zestaw 6 kartek - Lyst Studio","robots":{"index":"index","follow":"follow","max-snippet":"max-snippet:-1","max-image-preview":"max-image-preview:large","max-video-preview":"max-video-preview:-1"},"canonical":"https:\/\/www.lyststudio.pl\/sklep\/produkt\/zestaw-6-kartek\/","og_locale":"pl_PL","og_type":"article","og_title":"Zestaw 6 kartek - Lyst Studio","og_description":"Zestaw 6 dowolnych kartek \u015bwi\u0105tecznych z \u0142emkowskim motywem.","og_url":"https:\/\/www.lyststudio.pl\/sklep\/produkt\/zestaw-6-kartek\/","og_site_name":"Lyst Studio","article_publisher":"https:\/\/www.facebook.com\/lyststudio\/","article_modified_time":"2025-11-23T15:30:18+00:00","og_image":[{"width":2048,"height":1280,"url":"https:\/\/www.lyststudio.pl\/sklep\/wp-content\/uploads\/2024\/08\/zestaw-6-kartek.jpeg","type":"image\/jpeg"}],"twitter_card":"summary_large_image","twitter_misc":{"Szacowany czas czytania":"1 minuta"},"schema":{"@context":"https:\/\/schema.org","@graph":[{"@type":"WebPage","@id":"https:\/\/www.lyststudio.pl\/sklep\/produkt\/zestaw-6-kartek\/","url":"https:\/\/www.lyststudio.pl\/sklep\/produkt\/zestaw-6-kartek\/","name":"Zestaw 6 kartek - Lyst Studio","isPartOf":{"@id":"https:\/\/www.lyststudio.pl\/sklep\/#website"},"primaryImageOfPage":{"@id":"https:\/\/www.lyststudio.pl\/sklep\/produkt\/zestaw-6-kartek\/#primaryimage"},"image":{"@id":"https:\/\/www.lyststudio.pl\/sklep\/produkt\/zestaw-6-kartek\/#primaryimage"},"thumbnailUrl":"https:\/\/www.lyststudio.pl\/sklep\/wp-content\/uploads\/2024\/08\/zestaw-6-kartek.jpeg","datePublished":"2024-08-25T18:53:54+00:00","dateModified":"2025-11-23T15:30:18+00:00","breadcrumb":{"@id":"https:\/\/www.lyststudio.pl\/sklep\/produkt\/zestaw-6-kartek\/#breadcrumb"},"inLanguage":"pl-PL","potentialAction":[{"@type":"ReadAction","target":["https:\/\/www.lyststudio.pl\/sklep\/produkt\/zestaw-6-kartek\/"]}]},{"@type":"ImageObject","inLanguage":"pl-PL","@id":"https:\/\/www.lyststudio.pl\/sklep\/produkt\/zestaw-6-kartek\/#primaryimage","url":"https:\/\/www.lyststudio.pl\/sklep\/wp-content\/uploads\/2024\/08\/zestaw-6-kartek.jpeg","contentUrl":"https:\/\/www.lyststudio.pl\/sklep\/wp-content\/uploads\/2024\/08\/zestaw-6-kartek.jpeg","width":2048,"height":1280},{"@type":"BreadcrumbList","@id":"https:\/\/www.lyststudio.pl\/sklep\/produkt\/zestaw-6-kartek\/#breadcrumb","itemListElement":[{"@type":"ListItem","position":1,"name":"Strona g\u0142\u00f3wna","item":"https:\/\/www.lyststudio.pl\/sklep\/"},{"@type":"ListItem","position":2,"name":"Sklep","item":"https:\/\/www.lyststudio.pl\/sklep\/produkty\/"},{"@type":"ListItem","position":3,"name":"Zestaw 6 kartek"}]},{"@type":"WebSite","@id":"https:\/\/www.lyststudio.pl\/sklep\/#website","url":"https:\/\/www.lyststudio.pl\/sklep\/","name":"Lyst Studio","description":"","publisher":{"@id":"https:\/\/www.lyststudio.pl\/sklep\/#organization"},"potentialAction":[{"@type":"SearchAction","target":{"@type":"EntryPoint","urlTemplate":"https:\/\/www.lyststudio.pl\/sklep\/?s={search_term_string}"},"query-input":{"@type":"PropertyValueSpecification","valueRequired":true,"valueName":"search_term_string"}}],"inLanguage":"pl-PL"},{"@type":"Organization","@id":"https:\/\/www.lyststudio.pl\/sklep\/#organization","name":"Lyst Studio","url":"https:\/\/www.lyststudio.pl\/sklep\/","logo":{"@type":"ImageObject","inLanguage":"pl-PL","@id":"https:\/\/www.lyststudio.pl\/sklep\/#\/schema\/logo\/image\/","url":"https:\/\/www.lyststudio.pl\/sklep\/wp-content\/uploads\/2024\/08\/logo_lyst-e1725795188262.png","contentUrl":"https:\/\/www.lyststudio.pl\/sklep\/wp-content\/uploads\/2024\/08\/logo_lyst-e1725795188262.png","width":1102,"height":332,"caption":"Lyst Studio"},"image":{"@id":"https:\/\/www.lyststudio.pl\/sklep\/#\/schema\/logo\/image\/"},"sameAs":["https:\/\/www.facebook.com\/lyststudio\/","https:\/\/www.instagram.com\/lyststudio\/"]}]}},"uagb_featured_image_src":{"full":["https:\/\/www.lyststudio.pl\/sklep\/wp-content\/uploads\/2024\/08\/zestaw-6-kartek.jpeg",2048,1280,false],"thumbnail":["https:\/\/www.lyststudio.pl\/sklep\/wp-content\/uploads\/2024\/08\/zestaw-6-kartek-150x150.jpeg",150,150,true],"medium":["https:\/\/www.lyststudio.pl\/sklep\/wp-content\/uploads\/2024\/08\/zestaw-6-kartek-300x188.jpeg",300,188,true],"medium_large":["https:\/\/www.lyststudio.pl\/sklep\/wp-content\/uploads\/2024\/08\/zestaw-6-kartek-768x480.jpeg",768,480,true],"large":["https:\/\/www.lyststudio.pl\/sklep\/wp-content\/uploads\/2024\/08\/zestaw-6-kartek-1024x640.jpeg",1024,640,true],"1536x1536":["https:\/\/www.lyststudio.pl\/sklep\/wp-content\/uploads\/2024\/08\/zestaw-6-kartek-1536x960.jpeg",1536,960,true],"2048x2048":["https:\/\/www.lyststudio.pl\/sklep\/wp-content\/uploads\/2024\/08\/zestaw-6-kartek.jpeg",2048,1280,false],"woocommerce_thumbnail":["https:\/\/www.lyststudio.pl\/sklep\/wp-content\/uploads\/2024\/08\/zestaw-6-kartek-300x188.jpeg",300,188,true],"woocommerce_single":["https:\/\/www.lyststudio.pl\/sklep\/wp-content\/uploads\/2024\/08\/zestaw-6-kartek-370x231.jpeg",370,231,true],"woocommerce_gallery_thumbnail":["https:\/\/www.lyststudio.pl\/sklep\/wp-content\/uploads\/2024\/08\/zestaw-6-kartek-100x100.jpeg",100,100,true]},"uagb_author_info":{"display_name":"skleplyst","author_link":"https:\/\/www.lyststudio.pl\/sklep\/author\/"},"uagb_comment_info":0,"uagb_excerpt":"Zestaw 6 dowolnych kartek \u015bwi\u0105tecznych z \u0142emkowskim motywem.","_links":{"self":[{"href":"https:\/\/www.lyststudio.pl\/sklep\/wp-json\/wp\/v2\/product\/2321","targetHints":{"allow":["GET"]}}],"collection":[{"href":"https:\/\/www.lyststudio.pl\/sklep\/wp-json\/wp\/v2\/product"}],"about":[{"href":"https:\/\/www.lyststudio.pl\/sklep\/wp-json\/wp\/v2\/types\/product"}],"wp:featuredmedia":[{"embeddable":true,"href":"https:\/\/www.lyststudio.pl\/sklep\/wp-json\/wp\/v2\/media\/2632"}],"wp:attachment":[{"href":"https:\/\/www.lyststudio.pl\/sklep\/wp-json\/wp\/v2\/media?parent=2321"}],"wp:term":[{"taxonomy":"product_brand","embeddable":true,"href":"https:\/\/www.lyststudio.pl\/sklep\/wp-json\/wp\/v2\/product_brand?post=2321"},{"taxonomy":"product_cat","embeddable":true,"href":"https:\/\/www.lyststudio.pl\/sklep\/wp-json\/wp\/v2\/product_cat?post=2321"},{"taxonomy":"product_tag","embeddable":true,"href":"https:\/\/www.lyststudio.pl\/sklep\/wp-json\/wp\/v2\/product_tag?post=2321"}],"curies":[{"name":"wp","href":"https:\/\/api.w.org\/{rel}","templated":true}]}}