{"id":1004,"date":"2024-08-22T20:57:41","date_gmt":"2024-08-22T18:57:41","guid":{"rendered":"http:\/\/wordpress2450156.home.pl\/autoinstalator\/wordpresswoocommerce\/contact\/"},"modified":"2025-11-19T18:32:54","modified_gmt":"2025-11-19T17:32:54","slug":"kontakt","status":"publish","type":"page","link":"https:\/\/www.lyststudio.pl\/sklep\/kontakt\/","title":{"rendered":"Kontakt"},"content":{"rendered":"\n<div class=\"wp-block-uagb-container uagb-block-a1c61af9 alignfull uagb-is-root-container\"><div class=\"uagb-container-inner-blocks-wrap\">\n<div class=\"wp-block-uagb-container uagb-block-96b92018\">\n<div class=\"wp-block-uagb-advanced-heading uagb-block-c78c0aa7\"><h1 class=\"uagb-heading-text\">Kontakt<\/h1><p class=\"uagb-desc-text\">Zapraszamy do kontaktu w dogodnej dla Pa\u0144stwa formie.<\/p><\/div>\n\n\n\n<div class=\"wp-block-uagb-info-box uagb-block-3b3d8a1d uagb-infobox__content-wrap  uagb-infobox-icon-left uagb-infobox-left uagb-infobox-stacked-mobile uagb-infobox-image-valign-top\"><div class=\"uagb-ifb-icon-wrap\"><svg xmlns=\"https:\/\/www.w3.org\/2000\/svg\" viewBox=\"0 0 512 512\"><path d=\"M464 64C490.5 64 512 85.49 512 112C512 127.1 504.9 141.3 492.8 150.4L275.2 313.6C263.8 322.1 248.2 322.1 236.8 313.6L19.2 150.4C7.113 141.3 0 127.1 0 112C0 85.49 21.49 64 48 64H464zM217.6 339.2C240.4 356.3 271.6 356.3 294.4 339.2L512 176V384C512 419.3 483.3 448 448 448H64C28.65 448 0 419.3 0 384V176L217.6 339.2z\"><\/path><\/svg><\/div><div class=\"uagb-ifb-content\"><div class=\"uagb-ifb-title-wrap\"><h6 class=\"uagb-ifb-title\">Napisz do nas<\/h6><\/div><p class=\"uagb-ifb-desc\"><strong>info.lyststudio@gmail.com<\/strong><\/p><\/div><\/div>\n<\/div>\n\n\n\n<div class=\"wp-block-uagb-container uagb-block-29375e57\">\n<div class=\"wp-block-uagb-advanced-heading uagb-block-414fa467\"><h3 class=\"uagb-heading-text\">Formularz kontaktowy<\/h3><\/div>\n\n\n\n<div class=\"wp-block-uagb-forms uagb-forms__outer-wrap uagb-block-e05b0f4b uagb-forms__default-btn\"><form class=\"uagb-forms-main-form\" method=\"post\" autocomplete=\"on\" name=\"uagb-form-e05b0f4b\">\n<div class=\"wp-block-uagb-forms-name uagb-forms-name-wrap uagb-forms-field-set uagb-block-3e51448a\"><div class=\"uagb-forms-name-label required uagb-forms-input-label\" id=\"3e51448a\">Imi\u0119 i nazwisko<\/div><input type=\"text\" placeholder=\"Imi\u0119 i nazwisko\" required class=\"uagb-forms-name-input uagb-forms-input\" name=\"3e51448a\" autocomplete=\"given-name\"\/><\/div>\n\n\n\n<div class=\"wp-block-uagb-forms-email uagb-forms-email-wrap uagb-forms-field-set uagb-block-f7e0adcb\"><div class=\"uagb-forms-email-label required uagb-forms-input-label\" id=\"f7e0adcb\">Adres e-mail<\/div><input type=\"email\" class=\"uagb-forms-email-input uagb-forms-input\" placeholder=\"Adres email\" required name=\"f7e0adcb\" autocomplete=\"email\"\/><\/div>\n\n\n\n<div class=\"wp-block-uagb-forms-textarea uagb-forms-textarea-wrap uagb-forms-field-set uagb-block-80a1191b\"><div class=\"uagb-forms-textarea-label required uagb-forms-input-label\" id=\"80a1191b\">Tre\u015b\u0107<\/div><textarea required class=\"uagb-forms-textarea-input uagb-forms-input\" rows=\"4\" placeholder=\"Twoja wiadomo\u015b\u0107\" name=\"80a1191b\" autocomplete=\"off\"><\/textarea><\/div>\n<div class=\"uagb-forms-form-hidden-data\"><input type=\"hidden\" id=\"g-recaptcha-response\" class=\"uagb-forms-recaptcha\"\/><input type=\"hidden\" class=\"uagb_forms_form_label\" value=\"Contact Form\"\/><input type=\"hidden\" class=\"uagb_forms_form_id\" value=\"uagb-form-e05b0f4b\"\/><\/div><div class=\"uagb-form-reacaptcha-error-e05b0f4b\"><\/div><div class=\"uagb-forms-main-submit-button-wrap wp-block-button\"><button class=\"uagb-forms-main-submit-button wp-block-button__link\"><div class=\"uagb-forms-main-submit-button-text\">Submit<\/div><\/button><\/div><\/form><div class=\"uagb-forms-success-message-e05b0f4b uagb-forms-submit-message-hide\"><span>Dzi\u0119kujemy za kontakt. Twoja wiadomo\u015b\u0107 zosta\u0142a pomy\u015blnie wys\u0142ana.<\/span><\/div><div class=\"uagb-forms-failed-message-e05b0f4b uagb-forms-submit-message-hide\"><span>Niestety, nie uda\u0142o si\u0119 wys\u0142a\u0107 Twojej wiadomo\u015bci. Spr\u00f3buj ponownie za kilka chwil lub sprawd\u017a, czy wszystkie pola formularza zosta\u0142y poprawnie wype\u0142nione.<\/span><\/div><\/div>\n<\/div>\n<\/div><\/div>\n\n\n\n<div class=\"wp-block-uagb-container uagb-block-b596b686 alignfull uagb-is-root-container\"><\/div>\n","protected":false},"excerpt":{"rendered":"<p>Kontakt Zapraszamy do kontaktu w dogodnej dla Pa\u0144stwa formie. Formularz kontaktowy<\/p>\n","protected":false},"author":1,"featured_media":0,"parent":0,"menu_order":0,"comment_status":"closed","ping_status":"closed","template":"","meta":{"_uag_custom_page_level_css":"","site-sidebar-layout":"no-sidebar","site-content-layout":"plain-container","ast-site-content-layout":"full-width-container","site-content-style":"unboxed","site-sidebar-style":"unboxed","ast-global-header-display":"","ast-banner-title-visibility":"","ast-main-header-display":"","ast-hfb-above-header-display":"","ast-hfb-below-header-display":"","ast-hfb-mobile-header-display":"","site-post-title":"disabled","ast-breadcrumbs-content":"","ast-featured-img":"disabled","footer-sml-layout":"","theme-transparent-header-meta":"disabled","adv-header-id-meta":"","stick-header-meta":"","header-above-stick-meta":"","header-main-stick-meta":"","header-below-stick-meta":"","astra-migrate-meta-layouts":"set","ast-page-background-enabled":"default","ast-page-background-meta":{"desktop":{"background-color":"var(--ast-global-color-4)","background-image":"","background-repeat":"repeat","background-position":"center center","background-size":"auto","background-attachment":"scroll","background-type":"","background-media":"","overlay-type":"","overlay-color":"","overlay-opacity":"","overlay-gradient":""},"tablet":{"background-color":"","background-image":"","background-repeat":"repeat","background-position":"center center","background-size":"auto","background-attachment":"scroll","background-type":"","background-media":"","overlay-type":"","overlay-color":"","overlay-opacity":"","overlay-gradient":""},"mobile":{"background-color":"","background-image":"","background-repeat":"repeat","background-position":"center center","background-size":"auto","background-attachment":"scroll","background-type":"","background-media":"","overlay-type":"","overlay-color":"","overlay-opacity":"","overlay-gradient":""}},"ast-content-background-meta":{"desktop":{"background-color":"var(--ast-global-color-5)","background-image":"","background-repeat":"repeat","background-position":"center center","background-size":"auto","background-attachment":"scroll","background-type":"","background-media":"","overlay-type":"","overlay-color":"","overlay-opacity":"","overlay-gradient":""},"tablet":{"background-color":"var(--ast-global-color-5)","background-image":"","background-repeat":"repeat","background-position":"center center","background-size":"auto","background-attachment":"scroll","background-type":"","background-media":"","overlay-type":"","overlay-color":"","overlay-opacity":"","overlay-gradient":""},"mobile":{"background-color":"var(--ast-global-color-5)","background-image":"","background-repeat":"repeat","background-position":"center center","background-size":"auto","background-attachment":"scroll","background-type":"","background-media":"","overlay-type":"","overlay-color":"","overlay-opacity":"","overlay-gradient":""}},"footnotes":""},"class_list":["post-1004","page","type-page","status-publish","hentry"],"yoast_head":"<!-- This site is optimized with the Yoast SEO plugin v27.1.1 - https:\/\/yoast.com\/product\/yoast-seo-wordpress\/ -->\n<title>Kontakt - Lyst Studio<\/title>\n<meta name=\"robots\" content=\"index, follow, max-snippet:-1, max-image-preview:large, max-video-preview:-1\" \/>\n<link rel=\"canonical\" href=\"https:\/\/www.lyststudio.pl\/sklep\/kontakt\/\" \/>\n<meta property=\"og:locale\" content=\"pl_PL\" \/>\n<meta property=\"og:type\" content=\"article\" \/>\n<meta property=\"og:title\" content=\"Kontakt - Lyst Studio\" \/>\n<meta property=\"og:description\" content=\"Kontakt Zapraszamy do kontaktu w dogodnej dla Pa\u0144stwa formie. Formularz kontaktowy\" \/>\n<meta property=\"og:url\" content=\"https:\/\/www.lyststudio.pl\/sklep\/kontakt\/\" \/>\n<meta property=\"og:site_name\" content=\"Lyst Studio\" \/>\n<meta property=\"article:publisher\" content=\"https:\/\/www.facebook.com\/lyststudio\/\" \/>\n<meta property=\"article:modified_time\" content=\"2025-11-19T17:32:54+00:00\" \/>\n<meta name=\"twitter:card\" content=\"summary_large_image\" \/>\n<meta name=\"twitter:label1\" content=\"Szacowany czas czytania\" \/>\n\t<meta name=\"twitter:data1\" content=\"1 minuta\" \/>\n<script type=\"application\/ld+json\" class=\"yoast-schema-graph\">{\"@context\":\"https:\/\/schema.org\",\"@graph\":[{\"@type\":\"WebPage\",\"@id\":\"https:\/\/www.lyststudio.pl\/sklep\/kontakt\/\",\"url\":\"https:\/\/www.lyststudio.pl\/sklep\/kontakt\/\",\"name\":\"Kontakt - Lyst Studio\",\"isPartOf\":{\"@id\":\"https:\/\/www.lyststudio.pl\/sklep\/#website\"},\"datePublished\":\"2024-08-22T18:57:41+00:00\",\"dateModified\":\"2025-11-19T17:32:54+00:00\",\"breadcrumb\":{\"@id\":\"https:\/\/www.lyststudio.pl\/sklep\/kontakt\/#breadcrumb\"},\"inLanguage\":\"pl-PL\",\"potentialAction\":[{\"@type\":\"ReadAction\",\"target\":[\"https:\/\/www.lyststudio.pl\/sklep\/kontakt\/\"]}]},{\"@type\":\"BreadcrumbList\",\"@id\":\"https:\/\/www.lyststudio.pl\/sklep\/kontakt\/#breadcrumb\",\"itemListElement\":[{\"@type\":\"ListItem\",\"position\":1,\"name\":\"Strona g\u0142\u00f3wna\",\"item\":\"https:\/\/www.lyststudio.pl\/sklep\/\"},{\"@type\":\"ListItem\",\"position\":2,\"name\":\"Kontakt\"}]},{\"@type\":\"WebSite\",\"@id\":\"https:\/\/www.lyststudio.pl\/sklep\/#website\",\"url\":\"https:\/\/www.lyststudio.pl\/sklep\/\",\"name\":\"Lyst Studio\",\"description\":\"\",\"publisher\":{\"@id\":\"https:\/\/www.lyststudio.pl\/sklep\/#organization\"},\"potentialAction\":[{\"@type\":\"SearchAction\",\"target\":{\"@type\":\"EntryPoint\",\"urlTemplate\":\"https:\/\/www.lyststudio.pl\/sklep\/?s={search_term_string}\"},\"query-input\":{\"@type\":\"PropertyValueSpecification\",\"valueRequired\":true,\"valueName\":\"search_term_string\"}}],\"inLanguage\":\"pl-PL\"},{\"@type\":\"Organization\",\"@id\":\"https:\/\/www.lyststudio.pl\/sklep\/#organization\",\"name\":\"Lyst Studio\",\"url\":\"https:\/\/www.lyststudio.pl\/sklep\/\",\"logo\":{\"@type\":\"ImageObject\",\"inLanguage\":\"pl-PL\",\"@id\":\"https:\/\/www.lyststudio.pl\/sklep\/#\/schema\/logo\/image\/\",\"url\":\"https:\/\/www.lyststudio.pl\/sklep\/wp-content\/uploads\/2024\/08\/logo_lyst-e1725795188262.png\",\"contentUrl\":\"https:\/\/www.lyststudio.pl\/sklep\/wp-content\/uploads\/2024\/08\/logo_lyst-e1725795188262.png\",\"width\":1102,\"height\":332,\"caption\":\"Lyst Studio\"},\"image\":{\"@id\":\"https:\/\/www.lyststudio.pl\/sklep\/#\/schema\/logo\/image\/\"},\"sameAs\":[\"https:\/\/www.facebook.com\/lyststudio\/\",\"https:\/\/www.instagram.com\/lyststudio\/\"]}]}<\/script>\n<!-- \/ Yoast SEO plugin. -->","yoast_head_json":{"title":"Kontakt - Lyst Studio","robots":{"index":"index","follow":"follow","max-snippet":"max-snippet:-1","max-image-preview":"max-image-preview:large","max-video-preview":"max-video-preview:-1"},"canonical":"https:\/\/www.lyststudio.pl\/sklep\/kontakt\/","og_locale":"pl_PL","og_type":"article","og_title":"Kontakt - Lyst Studio","og_description":"Kontakt Zapraszamy do kontaktu w dogodnej dla Pa\u0144stwa formie. Formularz kontaktowy","og_url":"https:\/\/www.lyststudio.pl\/sklep\/kontakt\/","og_site_name":"Lyst Studio","article_publisher":"https:\/\/www.facebook.com\/lyststudio\/","article_modified_time":"2025-11-19T17:32:54+00:00","twitter_card":"summary_large_image","twitter_misc":{"Szacowany czas czytania":"1 minuta"},"schema":{"@context":"https:\/\/schema.org","@graph":[{"@type":"WebPage","@id":"https:\/\/www.lyststudio.pl\/sklep\/kontakt\/","url":"https:\/\/www.lyststudio.pl\/sklep\/kontakt\/","name":"Kontakt - Lyst Studio","isPartOf":{"@id":"https:\/\/www.lyststudio.pl\/sklep\/#website"},"datePublished":"2024-08-22T18:57:41+00:00","dateModified":"2025-11-19T17:32:54+00:00","breadcrumb":{"@id":"https:\/\/www.lyststudio.pl\/sklep\/kontakt\/#breadcrumb"},"inLanguage":"pl-PL","potentialAction":[{"@type":"ReadAction","target":["https:\/\/www.lyststudio.pl\/sklep\/kontakt\/"]}]},{"@type":"BreadcrumbList","@id":"https:\/\/www.lyststudio.pl\/sklep\/kontakt\/#breadcrumb","itemListElement":[{"@type":"ListItem","position":1,"name":"Strona g\u0142\u00f3wna","item":"https:\/\/www.lyststudio.pl\/sklep\/"},{"@type":"ListItem","position":2,"name":"Kontakt"}]},{"@type":"WebSite","@id":"https:\/\/www.lyststudio.pl\/sklep\/#website","url":"https:\/\/www.lyststudio.pl\/sklep\/","name":"Lyst Studio","description":"","publisher":{"@id":"https:\/\/www.lyststudio.pl\/sklep\/#organization"},"potentialAction":[{"@type":"SearchAction","target":{"@type":"EntryPoint","urlTemplate":"https:\/\/www.lyststudio.pl\/sklep\/?s={search_term_string}"},"query-input":{"@type":"PropertyValueSpecification","valueRequired":true,"valueName":"search_term_string"}}],"inLanguage":"pl-PL"},{"@type":"Organization","@id":"https:\/\/www.lyststudio.pl\/sklep\/#organization","name":"Lyst Studio","url":"https:\/\/www.lyststudio.pl\/sklep\/","logo":{"@type":"ImageObject","inLanguage":"pl-PL","@id":"https:\/\/www.lyststudio.pl\/sklep\/#\/schema\/logo\/image\/","url":"https:\/\/www.lyststudio.pl\/sklep\/wp-content\/uploads\/2024\/08\/logo_lyst-e1725795188262.png","contentUrl":"https:\/\/www.lyststudio.pl\/sklep\/wp-content\/uploads\/2024\/08\/logo_lyst-e1725795188262.png","width":1102,"height":332,"caption":"Lyst Studio"},"image":{"@id":"https:\/\/www.lyststudio.pl\/sklep\/#\/schema\/logo\/image\/"},"sameAs":["https:\/\/www.facebook.com\/lyststudio\/","https:\/\/www.instagram.com\/lyststudio\/"]}]}},"uagb_featured_image_src":{"full":false,"thumbnail":false,"medium":false,"medium_large":false,"large":false,"1536x1536":false,"2048x2048":false,"woocommerce_thumbnail":false,"woocommerce_single":false,"woocommerce_gallery_thumbnail":false},"uagb_author_info":{"display_name":"skleplyst","author_link":"https:\/\/www.lyststudio.pl\/sklep\/author\/skleplyst\/"},"uagb_comment_info":0,"uagb_excerpt":"Kontakt Zapraszamy do kontaktu w dogodnej dla Pa\u0144stwa formie. Formularz kontaktowy","_links":{"self":[{"href":"https:\/\/www.lyststudio.pl\/sklep\/wp-json\/wp\/v2\/pages\/1004","targetHints":{"allow":["GET"]}}],"collection":[{"href":"https:\/\/www.lyststudio.pl\/sklep\/wp-json\/wp\/v2\/pages"}],"about":[{"href":"https:\/\/www.lyststudio.pl\/sklep\/wp-json\/wp\/v2\/types\/page"}],"author":[{"embeddable":true,"href":"https:\/\/www.lyststudio.pl\/sklep\/wp-json\/wp\/v2\/users\/1"}],"replies":[{"embeddable":true,"href":"https:\/\/www.lyststudio.pl\/sklep\/wp-json\/wp\/v2\/comments?post=1004"}],"version-history":[{"count":27,"href":"https:\/\/www.lyststudio.pl\/sklep\/wp-json\/wp\/v2\/pages\/1004\/revisions"}],"predecessor-version":[{"id":3077,"href":"https:\/\/www.lyststudio.pl\/sklep\/wp-json\/wp\/v2\/pages\/1004\/revisions\/3077"}],"wp:attachment":[{"href":"https:\/\/www.lyststudio.pl\/sklep\/wp-json\/wp\/v2\/media?parent=1004"}],"curies":[{"name":"wp","href":"https:\/\/api.w.org\/{rel}","templated":true}]}}